{"id":11829,"date":"2021-03-04T00:11:56","date_gmt":"2021-03-04T00:11:56","guid":{"rendered":"https:\/\/kantarella.de\/biljett\/"},"modified":"2021-04-07T10:10:15","modified_gmt":"2021-04-07T10:10:15","slug":"bokning","status":"publish","type":"page","link":"https:\/\/kantarella.de\/sv\/semesterhus-i-sverige\/bokning\/","title":{"rendered":"Bokning"},"content":{"rendered":"<h1><span style=\"color: #339966;\">Bokningsf\u00f6rfr\u00e5gan f\u00f6r Semesterhus i Sverige<\/span><\/h1>\n<hr \/>\n<form enctype=\"multipart\/form-data\" method=\"post\" id=\"psfb11489\" action=\"https:\/\/kantarella.de\/sv\/semesterhus-i-sverige\/bokning\/\" class=\"planso-form-builder form-horizontal\" data-id=\"11489\" data-cnt=\"1\" id=\"planso_forms_11489_1\" data-locale=\"sv\" data-locale_long=\"sv_SE\" data-datepicker=\"bootstrap-datepicker-eternicode\" data-date_format=\"yy.m.d\" data-moment_date_format=\"YYYY.MM.DD\" data-jqueryui_date_format=\"yy.mm.dd\" data-eternicode_date_format=\"yyyy.mm.dd\"><div class=\"container-fluid\"><input type=\"hidden\" name=\"psfb_pageurl\" value=\"https:\/\/kantarella.de\/sv\/semesterhus-i-sverige\/bokning\/\"\/><input type=\"hidden\" name=\"psfb_userip\" value=\"216.73.217.143\"\/><input type=\"hidden\" name=\"psfb_useragent\" value=\"Mozilla\/5.0 AppleWebKit\/537.36 (KHTML, like Gecko; compatible; ClaudeBot\/1.0; +claudebot@anthropic.com)\"\/><input type=\"hidden\" name=\"psfb_landingpage\" value=\"http:\/\/kantarella.de\/sv\/wp-json\/wp\/v2\/pages\/11829\"\/><input type=\"hidden\" name=\"psfb_referer\" value=\"Direct\"\/><input type=\"hidden\" name=\"psfb_page_id\" value=\"11829\"\/><input type=\"hidden\" name=\"psfb_form_submit\" value=\"1\"\/><input type=\"hidden\" name=\"psfb_form_id\" value=\"11489\"\/><input type=\"hidden\" name=\"psfb_form_cnt\" value=\"1\"\/><div style=\"display:none\"><input type=\"text\" name=\"psfb_hon_as\"\/><\/div><div style=\"display:none\"><input type=\"text\" name=\"psfb_hon_as2\" id=\"psfb_hon_as2_11489_1\" value=\"b5f30debbcf909fb196eda9d3d8ae012\"\/><\/div><div style=\"display:none\"><input type=\"text\" name=\"psfb_cnt_check\" value=\"1\"\/><\/div><noscript>Please enable Javascript in your Browser in order to correctly submit this form.<\/noscript><script type=\"text\/javascript\">document.write('<i'+'n'+'p'+'ut ty'+'pe=\"hi'+'dden\" value=\"'+document.getElementById(\"psfb_hon_as2_11489_1\").value+'\" name=\"psfb_js_as\">');<\/script><div class=\"row\"><div class=\"col-md-12\"><div class=\"form-group psfb-single-container\"><label class=\"control-label col-md-3\" for=\"psfield_11489_1\">F\u00f6rnamn<span class=\"psfb_required_mark\">*<\/span><\/label><div class=\" col-md-9\"><input type=\"text\" required=\"required\" data-required=\"required\" name=\"F_rnamn\" class=\"form-control  \" id=\"psfield_11489_1\" style=\"\"\/><\/div><\/div><\/div><\/div><div class=\"row\"><div class=\"col-md-12\"><div class=\"form-group psfb-single-container\"><label class=\"control-label col-md-3\" for=\"psfield_11489_2\">Efternamn<span class=\"psfb_required_mark\">*<\/span><\/label><div class=\" col-md-9\"><input type=\"text\" required=\"required\" data-required=\"required\" name=\"Efternamn\" class=\"form-control  \" id=\"psfield_11489_2\" style=\"\"\/><\/div><\/div><\/div><\/div><div class=\"row\"><div class=\"col-md-12\"><div class=\"form-group psfb-single-container\"><label class=\"control-label col-md-3\" for=\"psfield_11489_3\">Email<span class=\"psfb_required_mark\">*<\/span><\/label><div class=\" col-md-9\"><input type=\"email\" required=\"required\" data-required=\"required\" name=\"Email\" class=\"form-control  \" id=\"psfield_11489_3\" style=\"\"\/><\/div><\/div><\/div><\/div><div class=\"row\"><div class=\"col-md-12\"><div class=\"form-group psfb-single-container\"><label class=\"control-label col-md-3\" for=\"psfield_11489_4\">Mobiltelefon<span class=\"psfb_required_mark\">*<\/span><\/label><div class=\" col-md-9\"><input type=\"tel\" required=\"required\" data-required=\"required\" name=\"Mobiltelefon\" class=\"form-control  \" id=\"psfield_11489_4\" style=\"\"\/><\/div><\/div><\/div><\/div><div class=\"row\"><div class=\"col-md-12\"><div class=\"form-group psfb-single-container\"><label class=\"control-label col-md-3\" for=\"psfield_11489_5\">Postcode<span class=\"psfb_required_mark\">*<\/span><\/label><div class=\" col-md-9\"><input type=\"text\" required=\"required\" data-required=\"required\" name=\"Postcode\" class=\"form-control  \" id=\"psfield_11489_5\" style=\"\"\/><\/div><\/div><\/div><\/div><div class=\"row\"><div class=\"col-md-12\"><div class=\"form-group psfb-single-container\"><label class=\"control-label col-md-3\" for=\"psfield_11489_6\">Bostadsort<span class=\"psfb_required_mark\">*<\/span><\/label><div class=\" col-md-9\"><input type=\"text\" required=\"required\" data-required=\"required\" name=\"Bostadsort\" class=\"form-control  \" id=\"psfield_11489_6\" style=\"\"\/><\/div><\/div><\/div><\/div><div class=\"row\"><div class=\"col-md-12\"><div class=\"form-group psfb-single-container\"><label class=\"control-label col-md-3\" for=\"psfield_11489_7\">Gata och husnummer<span class=\"psfb_required_mark\">*<\/span><\/label><div class=\" col-md-9\"><input type=\"text\" required=\"required\" data-required=\"required\" name=\"Gata_och_husnummer\" class=\"form-control  \" id=\"psfield_11489_7\" style=\"\"\/><\/div><\/div><\/div><\/div><div class=\"row\"><div class=\"col-md-12\"><div class=\"form-group psfb-single-container\"><label class=\"control-label col-md-3\" for=\"psfield_11489_8\">Antal vuxna<span class=\"psfb_required_mark\">*<\/span><\/label><div class=\" col-md-9\"><select required=\"required\" data-required=\"required\" name=\"Antal_vuxna\" class=\"form-control  \" id=\"psfield_11489_8\" style=\"\"><option value=\"v\u00e4lja\">v\u00e4lja<\/option><option value=\"1 Person\">1 Person<\/option><option value=\"2 Personer\">2 Personer<\/option><option value=\"3 Personer\">3 Personer<\/option><option value=\"4 Personer\">4 Personer<\/option><\/select><\/div><\/div><\/div><\/div><div class=\"row\"><div class=\"col-md-12\"><div class=\"form-group psfb-single-container\"><label class=\"control-label col-md-3\" for=\"psfield_11489_9\">Antal barn<\/label><div class=\" col-md-9\"><select name=\"Antal_barn\" class=\"form-control  \" id=\"psfield_11489_9\" style=\"\"><option value=\"v\u00e4lja\">v\u00e4lja<\/option><option value=\"1 Barn\">1 Barn<\/option><option value=\"2 Barn\">2 Barn<\/option><option value=\"3 Barn\">3 Barn<\/option><option value=\"4 Barn\">4 Barn<\/option><\/select><\/div><\/div><\/div><\/div><div class=\"row\"><div class=\"col-md-12\"><div class=\"form-group psfb-single-container\"><label class=\"control-label col-md-3\" for=\"psfield_11489_10\">Husdjur - ange storlek!<\/label><div class=\" col-md-9\"><input type=\"text\" name=\"Husdjur___ange_storlek_\" class=\"form-control  \" id=\"psfield_11489_10\" style=\"\"\/><\/div><\/div><\/div><\/div><div class=\"row\"><div class=\"col-md-12\"><div class=\"form-group psfb-single-container\"><label class=\"control-label col-md-3\" for=\"psfield_11489_11\">Hyresstart - incheckning fr\u00e5n kl. 16:00<span class=\"psfb_required_mark\">*<\/span><\/label><div class=\" col-md-9\"><input type=\"date\" data-psfb_datepicker=\"bootstrap-datepicker-eternicode\" required=\"required\" data-required=\"required\" name=\"Hyresstart___incheckning_fr_n_kl__16_00\" class=\"form-control  \" id=\"psfield_11489_11\" style=\"\"\/><\/div><\/div><\/div><\/div><div class=\"row\"><div class=\"col-md-12\"><div class=\"form-group psfb-single-container\"><label class=\"control-label col-md-3\" for=\"psfield_11489_12\">utcheckning senast kl. 11.00<span class=\"psfb_required_mark\">*<\/span><\/label><div class=\" col-md-9\"><input type=\"date\" data-psfb_datepicker=\"bootstrap-datepicker-eternicode\" required=\"required\" data-required=\"required\" name=\"utcheckning_senast_kl__11_00\" class=\"form-control  \" id=\"psfield_11489_12\" style=\"\"\/><\/div><\/div><\/div><\/div><div class=\"row\"><div class=\"col-md-12\"><div class=\"form-group psfb-single-container\"><label class=\"control-label col-md-3\" for=\"psfield_11489_13\">Mer information<\/label><div class=\" col-md-9\"><textarea name=\"Mer_information\" placeholder=\"max. 1000 tecken\" class=\"form-control  \" id=\"psfield_11489_13\" style=\"\" maxlength=\"1000\"><\/textarea><\/div><\/div><\/div><\/div><div class=\"row\"><div class=\"col-md-12\"><div class=\"form-group psfb-single-container\"><div class=\"\"><a href=\"https:\/\/kantarella.de\/sv\/semesterhus-i-sverige\/allmaenna-villkor\/\">Allm\u00e4nna villkor<\/a> und\n<a href=\"https:\/\/kantarella.de\/sv\/semesterhus-i-sverige\/dataskydd\/\">Dataskydd<\/a><\/div><\/div><\/div><\/div><div class=\"row\"><div class=\"col-md-12\"><div class=\"form-group psfb-single-container\"><label class=\" col-md-3 control-label\">&nbsp;<\/label><div class=\" col-md-9\"><div class=\"checkbox_wrapper\"><label class=\"checkbox-inline checkbox_wrapper\" style=\"\"><input data-required=\"required\" type=\"checkbox\" value=\"Jag har Dataskyydpolicyn  och Allm\u00e4nna Villkor l\u00e4ste. Jag godk\u00e4nner att mina uppgifter och information kommer att sparas som en del av mitt kundf\u00f6rh\u00e5llande med Kantarella Semesterhus Uthyrning..\" name=\"ich_habe_die_Datenschutzerkl_rung_und_die_AGB_gelesen[]\" id=\"psfield_11489_15_1\">Jag har Dataskyydpolicyn  och Allm\u00e4nna Villkor l\u00e4ste. Jag godk\u00e4nner att mina uppgifter och information kommer att sparas som en del av mitt kundf\u00f6rh\u00e5llande med Kantarella Semesterhus Uthyrning..<\/label><\/div><\/div><\/div><\/div><\/div><div class=\"row\"><div class=\"col-md-12\"><div class=\"form-group psfb-single-container\"><p class=\"\"><\/p><\/div><\/div><\/div><div class=\"row\"><div class=\"col-md-12\"><div class=\"form-group psfb-single-container\"><label class=\" col-md-3 control-label\">&nbsp;<\/label><div class=\" col-md-9\"><div style=\"position:relative;z-index:1;\"><button type=\"submit\" class=\"btn btn-primary                                                                                                                                       \" id=\"psfield_11489_17\" style=\"\">Senden<\/button><\/div><\/div><\/div><\/div><\/div><\/div><\/form><p style=\"text-align:right;\"><small>powered by <a href=\"http:\/\/forms.planso.de\/\">PlanSo Forms<\/a><\/small><\/p>\n","protected":false},"excerpt":{"rendered":"<p>Bokningsf\u00f6rfr\u00e5gan f\u00f6r Semesterhus i Sverige<\/p>\n","protected":false},"author":1,"featured_media":0,"parent":11750,"menu_order":0,"comment_status":"closed","ping_status":"closed","template":"elementor_theme","meta":{"ocean_post_layout":"","ocean_both_sidebars_style":"","ocean_both_sidebars_content_width":0,"ocean_both_sidebars_sidebars_width":0,"ocean_sidebar":"0","ocean_second_sidebar":"0","ocean_disable_margins":"enable","ocean_add_body_class":"","ocean_shortcode_before_top_bar":"","ocean_shortcode_after_top_bar":"","ocean_shortcode_before_header":"","ocean_shortcode_after_header":"","ocean_has_shortcode":"","ocean_shortcode_after_title":"","ocean_shortcode_before_footer_widgets":"","ocean_shortcode_after_footer_widgets":"","ocean_shortcode_before_footer_bottom":"","ocean_shortcode_after_footer_bottom":"","ocean_display_top_bar":"default","ocean_display_header":"default","ocean_header_style":"","ocean_center_header_left_menu":"0","ocean_custom_header_template":"0","ocean_custom_logo":0,"ocean_custom_retina_logo":0,"ocean_custom_logo_max_width":0,"ocean_custom_logo_tablet_max_width":0,"ocean_custom_logo_mobile_max_width":0,"ocean_custom_logo_max_height":0,"ocean_custom_logo_tablet_max_height":0,"ocean_custom_logo_mobile_max_height":0,"ocean_header_custom_menu":"0","ocean_menu_typo_font_family":"0","ocean_menu_typo_font_subset":"","ocean_menu_typo_font_size":0,"ocean_menu_typo_font_size_tablet":0,"ocean_menu_typo_font_size_mobile":0,"ocean_menu_typo_font_size_unit":"px","ocean_menu_typo_font_weight":"","ocean_menu_typo_font_weight_tablet":"","ocean_menu_typo_font_weight_mobile":"","ocean_menu_typo_transform":"","ocean_menu_typo_transform_tablet":"","ocean_menu_typo_transform_mobile":"","ocean_menu_typo_line_height":0,"ocean_menu_typo_line_height_tablet":0,"ocean_menu_typo_line_height_mobile":0,"ocean_menu_typo_line_height_unit":"","ocean_menu_typo_spacing":0,"ocean_menu_typo_spacing_tablet":0,"ocean_menu_typo_spacing_mobile":0,"ocean_menu_typo_spacing_unit":"","ocean_menu_link_color":"","ocean_menu_link_color_hover":"","ocean_menu_link_color_active":"","ocean_menu_link_background":"","ocean_menu_link_hover_background":"","ocean_menu_link_active_background":"","ocean_menu_social_links_bg":"","ocean_menu_social_hover_links_bg":"","ocean_menu_social_links_color":"","ocean_menu_social_hover_links_color":"","ocean_disable_title":"default","ocean_disable_heading":"default","ocean_post_title":"","ocean_post_subheading":"","ocean_post_title_style":"","ocean_post_title_background_color":"","ocean_post_title_background":0,"ocean_post_title_bg_image_position":"","ocean_post_title_bg_image_attachment":"","ocean_post_title_bg_image_repeat":"","ocean_post_title_bg_image_size":"","ocean_post_title_height":0,"ocean_post_title_bg_overlay":0.5,"ocean_post_title_bg_overlay_color":"","ocean_disable_breadcrumbs":"default","ocean_breadcrumbs_color":"","ocean_breadcrumbs_separator_color":"","ocean_breadcrumbs_links_color":"","ocean_breadcrumbs_links_hover_color":"","ocean_display_footer_widgets":"default","ocean_display_footer_bottom":"default","ocean_custom_footer_template":"0","osh_disable_topbar_sticky":"default","osh_disable_header_sticky":"default","osh_sticky_header_style":"default","osh_sticky_header_effect":"","osh_custom_sticky_logo":0,"osh_custom_retina_sticky_logo":0,"osh_custom_sticky_logo_height":0,"osh_background_color":"","osh_links_color":"","osh_links_hover_color":"","osh_links_active_color":"","osh_links_bg_color":"","osh_links_hover_bg_color":"","osh_links_active_bg_color":"","osh_menu_social_links_color":"","osh_menu_social_hover_links_color":"","footnotes":""},"class_list":["post-11829","page","type-page","status-publish","hentry","entry"],"yoast_head":"<!-- This site is optimized with the Yoast SEO Premium plugin v26.3 (Yoast SEO v27.5) - https:\/\/yoast.com\/product\/yoast-seo-premium-wordpress\/ -->\n<title>Semesterhus i Sverige - Bokning<\/title>\n<meta name=\"robots\" content=\"index, follow, max-snippet:-1, max-image-preview:large, max-video-preview:-1\" \/>\n<link rel=\"canonical\" href=\"https:\/\/kantarella.de\/sv\/semesterhus-i-sverige\/bokning\/\" \/>\n<meta property=\"og:locale\" content=\"sv_SE\" \/>\n<meta property=\"og:type\" content=\"article\" \/>\n<meta property=\"og:title\" content=\"Bokning\" \/>\n<meta property=\"og:description\" content=\"Bokningsf\u00f6rfr\u00e5gan f\u00f6r Semesterhus i Sverige\" \/>\n<meta property=\"og:url\" content=\"https:\/\/kantarella.de\/sv\/semesterhus-i-sverige\/bokning\/\" \/>\n<meta property=\"og:site_name\" content=\"Semesterhus i Sverige\" \/>\n<meta property=\"article:publisher\" content=\"https:\/\/www.facebook.com\/ferienhaus.se\/\" \/>\n<meta property=\"article:modified_time\" content=\"2021-04-07T10:10:15+00:00\" \/>\n<meta name=\"twitter:card\" content=\"summary_large_image\" \/>\n<meta name=\"twitter:label1\" content=\"Ber\u00e4knad l\u00e4stid\" \/>\n\t<meta name=\"twitter:data1\" content=\"1 minut\" \/>\n<script type=\"application\/ld+json\" class=\"yoast-schema-graph\">{\"@context\":\"https:\\\/\\\/schema.org\",\"@graph\":[{\"@type\":\"WebPage\",\"@id\":\"https:\\\/\\\/kantarella.de\\\/sv\\\/semesterhus-i-sverige\\\/bokning\\\/\",\"url\":\"https:\\\/\\\/kantarella.de\\\/sv\\\/semesterhus-i-sverige\\\/bokning\\\/\",\"name\":\"Semesterhus i Sverige - Bokning\",\"isPartOf\":{\"@id\":\"https:\\\/\\\/kantarella.de\\\/sv\\\/#website\"},\"datePublished\":\"2021-03-04T00:11:56+00:00\",\"dateModified\":\"2021-04-07T10:10:15+00:00\",\"breadcrumb\":{\"@id\":\"https:\\\/\\\/kantarella.de\\\/sv\\\/semesterhus-i-sverige\\\/bokning\\\/#breadcrumb\"},\"inLanguage\":\"sv-SE\",\"potentialAction\":[{\"@type\":\"ReadAction\",\"target\":[\"https:\\\/\\\/kantarella.de\\\/sv\\\/semesterhus-i-sverige\\\/bokning\\\/\"]}]},{\"@type\":\"BreadcrumbList\",\"@id\":\"https:\\\/\\\/kantarella.de\\\/sv\\\/semesterhus-i-sverige\\\/bokning\\\/#breadcrumb\",\"itemListElement\":[{\"@type\":\"ListItem\",\"position\":1,\"name\":\"Start\",\"item\":\"https:\\\/\\\/kantarella.de\\\/sv\\\/\"},{\"@type\":\"ListItem\",\"position\":2,\"name\":\"Hem\",\"item\":\"https:\\\/\\\/kantarella.de\\\/sv\\\/\"},{\"@type\":\"ListItem\",\"position\":3,\"name\":\"Bokning\"}]},{\"@type\":\"WebSite\",\"@id\":\"https:\\\/\\\/kantarella.de\\\/sv\\\/#website\",\"url\":\"https:\\\/\\\/kantarella.de\\\/sv\\\/\",\"name\":\"Ferienhaus in Schweden\",\"description\":\"\\nHus vid sj\u00f6n i sverige\",\"publisher\":{\"@id\":\"https:\\\/\\\/kantarella.de\\\/sv\\\/#organization\"},\"potentialAction\":[{\"@type\":\"SearchAction\",\"target\":{\"@type\":\"EntryPoint\",\"urlTemplate\":\"https:\\\/\\\/kantarella.de\\\/sv\\\/?s={search_term_string}\"},\"query-input\":{\"@type\":\"PropertyValueSpecification\",\"valueRequired\":true,\"valueName\":\"search_term_string\"}}],\"inLanguage\":\"sv-SE\"},{\"@type\":\"Organization\",\"@id\":\"https:\\\/\\\/kantarella.de\\\/sv\\\/#organization\",\"name\":\"Kantarella Ferienhaus in Schweden\",\"url\":\"https:\\\/\\\/kantarella.de\\\/sv\\\/\",\"logo\":{\"@type\":\"ImageObject\",\"inLanguage\":\"sv-SE\",\"@id\":\"https:\\\/\\\/kantarella.de\\\/sv\\\/#\\\/schema\\\/logo\\\/image\\\/\",\"url\":\"https:\\\/\\\/kantarella.de\\\/wp-content\\\/uploads\\\/2021\\\/02\\\/ferienhaus-schweden.png\",\"contentUrl\":\"https:\\\/\\\/kantarella.de\\\/wp-content\\\/uploads\\\/2021\\\/02\\\/ferienhaus-schweden.png\",\"width\":400,\"height\":400,\"caption\":\"Kantarella Ferienhaus in Schweden\"},\"image\":{\"@id\":\"https:\\\/\\\/kantarella.de\\\/sv\\\/#\\\/schema\\\/logo\\\/image\\\/\"},\"sameAs\":[\"https:\\\/\\\/www.facebook.com\\\/ferienhaus.se\\\/\"]}]}<\/script>\n<!-- \/ Yoast SEO Premium plugin. -->","yoast_head_json":{"title":"Semesterhus i Sverige - Bokning","robots":{"index":"index","follow":"follow","max-snippet":"max-snippet:-1","max-image-preview":"max-image-preview:large","max-video-preview":"max-video-preview:-1"},"canonical":"https:\/\/kantarella.de\/sv\/semesterhus-i-sverige\/bokning\/","og_locale":"sv_SE","og_type":"article","og_title":"Bokning","og_description":"Bokningsf\u00f6rfr\u00e5gan f\u00f6r Semesterhus i Sverige","og_url":"https:\/\/kantarella.de\/sv\/semesterhus-i-sverige\/bokning\/","og_site_name":"Semesterhus i Sverige","article_publisher":"https:\/\/www.facebook.com\/ferienhaus.se\/","article_modified_time":"2021-04-07T10:10:15+00:00","twitter_card":"summary_large_image","twitter_misc":{"Ber\u00e4knad l\u00e4stid":"1 minut"},"schema":{"@context":"https:\/\/schema.org","@graph":[{"@type":"WebPage","@id":"https:\/\/kantarella.de\/sv\/semesterhus-i-sverige\/bokning\/","url":"https:\/\/kantarella.de\/sv\/semesterhus-i-sverige\/bokning\/","name":"Semesterhus i Sverige - Bokning","isPartOf":{"@id":"https:\/\/kantarella.de\/sv\/#website"},"datePublished":"2021-03-04T00:11:56+00:00","dateModified":"2021-04-07T10:10:15+00:00","breadcrumb":{"@id":"https:\/\/kantarella.de\/sv\/semesterhus-i-sverige\/bokning\/#breadcrumb"},"inLanguage":"sv-SE","potentialAction":[{"@type":"ReadAction","target":["https:\/\/kantarella.de\/sv\/semesterhus-i-sverige\/bokning\/"]}]},{"@type":"BreadcrumbList","@id":"https:\/\/kantarella.de\/sv\/semesterhus-i-sverige\/bokning\/#breadcrumb","itemListElement":[{"@type":"ListItem","position":1,"name":"Start","item":"https:\/\/kantarella.de\/sv\/"},{"@type":"ListItem","position":2,"name":"Hem","item":"https:\/\/kantarella.de\/sv\/"},{"@type":"ListItem","position":3,"name":"Bokning"}]},{"@type":"WebSite","@id":"https:\/\/kantarella.de\/sv\/#website","url":"https:\/\/kantarella.de\/sv\/","name":"Ferienhaus in Schweden","description":"\nHus vid sj\u00f6n i sverige","publisher":{"@id":"https:\/\/kantarella.de\/sv\/#organization"},"potentialAction":[{"@type":"SearchAction","target":{"@type":"EntryPoint","urlTemplate":"https:\/\/kantarella.de\/sv\/?s={search_term_string}"},"query-input":{"@type":"PropertyValueSpecification","valueRequired":true,"valueName":"search_term_string"}}],"inLanguage":"sv-SE"},{"@type":"Organization","@id":"https:\/\/kantarella.de\/sv\/#organization","name":"Kantarella Ferienhaus in Schweden","url":"https:\/\/kantarella.de\/sv\/","logo":{"@type":"ImageObject","inLanguage":"sv-SE","@id":"https:\/\/kantarella.de\/sv\/#\/schema\/logo\/image\/","url":"https:\/\/kantarella.de\/wp-content\/uploads\/2021\/02\/ferienhaus-schweden.png","contentUrl":"https:\/\/kantarella.de\/wp-content\/uploads\/2021\/02\/ferienhaus-schweden.png","width":400,"height":400,"caption":"Kantarella Ferienhaus in Schweden"},"image":{"@id":"https:\/\/kantarella.de\/sv\/#\/schema\/logo\/image\/"},"sameAs":["https:\/\/www.facebook.com\/ferienhaus.se\/"]}]}},"_links":{"self":[{"href":"https:\/\/kantarella.de\/sv\/wp-json\/wp\/v2\/pages\/11829","targetHints":{"allow":["GET"]}}],"collection":[{"href":"https:\/\/kantarella.de\/sv\/wp-json\/wp\/v2\/pages"}],"about":[{"href":"https:\/\/kantarella.de\/sv\/wp-json\/wp\/v2\/types\/page"}],"author":[{"embeddable":true,"href":"https:\/\/kantarella.de\/sv\/wp-json\/wp\/v2\/users\/1"}],"replies":[{"embeddable":true,"href":"https:\/\/kantarella.de\/sv\/wp-json\/wp\/v2\/comments?post=11829"}],"version-history":[{"count":0,"href":"https:\/\/kantarella.de\/sv\/wp-json\/wp\/v2\/pages\/11829\/revisions"}],"up":[{"embeddable":true,"href":"https:\/\/kantarella.de\/sv\/wp-json\/wp\/v2\/pages\/11750"}],"wp:attachment":[{"href":"https:\/\/kantarella.de\/sv\/wp-json\/wp\/v2\/media?parent=11829"}],"curies":[{"name":"wp","href":"https:\/\/api.w.org\/{rel}","templated":true}]}}