{"id":11863,"date":"2021-03-04T00:25:00","date_gmt":"2021-03-04T00:25:00","guid":{"rendered":"https:\/\/kantarella.de\/avtryck\/"},"modified":"2021-06-19T12:50:45","modified_gmt":"2021-06-19T12:50:45","slug":"kontakt","status":"publish","type":"page","link":"https:\/\/kantarella.de\/sv\/semesterhus-i-sverige\/kontakt\/","title":{"rendered":"Kontakt"},"content":{"rendered":"\t\t<div data-elementor-type=\"wp-page\" data-elementor-id=\"11863\" class=\"elementor elementor-11863 elementor-417\" data-elementor-post-type=\"page\">\n\t\t\t\t\t\t<section class=\"elementor-section elementor-top-section elementor-element elementor-element-8a308b7 elementor-section-boxed elementor-section-height-default elementor-section-height-default\" data-id=\"8a308b7\" data-element_type=\"section\" data-e-type=\"section\">\n\t\t\t\t\t\t<div class=\"elementor-container elementor-column-gap-default\">\n\t\t\t\t\t<div class=\"elementor-column elementor-col-100 elementor-top-column elementor-element elementor-element-6093c66\" data-id=\"6093c66\" data-element_type=\"column\" data-e-type=\"column\">\n\t\t\t<div class=\"elementor-widget-wrap elementor-element-populated\">\n\t\t\t\t\t\t<div class=\"elementor-element elementor-element-26dd9b9 elementor-widget elementor-widget-spacer\" data-id=\"26dd9b9\" data-element_type=\"widget\" data-e-type=\"widget\" data-widget_type=\"spacer.default\">\n\t\t\t\t<div class=\"elementor-widget-container\">\n\t\t\t\t\t\t\t<div class=\"elementor-spacer\">\n\t\t\t<div class=\"elementor-spacer-inner\"><\/div>\n\t\t<\/div>\n\t\t\t\t\t\t<\/div>\n\t\t\t\t<\/div>\n\t\t\t\t\t<\/div>\n\t\t<\/div>\n\t\t\t\t\t<\/div>\n\t\t<\/section>\n\t\t\t\t<section class=\"elementor-section elementor-top-section elementor-element elementor-element-ec4dba4 elementor-section-boxed elementor-section-height-default elementor-section-height-default\" data-id=\"ec4dba4\" data-element_type=\"section\" data-e-type=\"section\">\n\t\t\t\t\t\t<div class=\"elementor-container elementor-column-gap-default\">\n\t\t\t\t\t<div class=\"elementor-column elementor-col-100 elementor-top-column elementor-element elementor-element-daa8f5f\" data-id=\"daa8f5f\" data-element_type=\"column\" data-e-type=\"column\">\n\t\t\t<div class=\"elementor-widget-wrap elementor-element-populated\">\n\t\t\t\t\t\t<div class=\"elementor-element elementor-element-fa43cb7 elementor-widget elementor-widget-text-editor\" data-id=\"fa43cb7\" data-element_type=\"widget\" data-e-type=\"widget\" data-widget_type=\"text-editor.default\">\n\t\t\t\t<div class=\"elementor-widget-container\">\n\t\t\t\t\t\t\t\t\t<h1><span style=\"color: #339966;\">Kontakt<\/span><\/h1>\t\t\t\t\t\t\t\t<\/div>\n\t\t\t\t<\/div>\n\t\t\t\t\t<\/div>\n\t\t<\/div>\n\t\t\t\t\t<\/div>\n\t\t<\/section>\n\t\t\t\t<section class=\"elementor-section elementor-top-section elementor-element elementor-element-a296517 elementor-section-boxed elementor-section-height-default elementor-section-height-default\" data-id=\"a296517\" data-element_type=\"section\" data-e-type=\"section\">\n\t\t\t\t\t\t<div class=\"elementor-container elementor-column-gap-default\">\n\t\t\t\t\t<div class=\"elementor-column elementor-col-50 elementor-top-column elementor-element elementor-element-99e9fca\" data-id=\"99e9fca\" data-element_type=\"column\" data-e-type=\"column\">\n\t\t\t<div class=\"elementor-widget-wrap elementor-element-populated\">\n\t\t\t\t\t\t<div class=\"elementor-element elementor-element-3d4391b animated-fast elementor-invisible elementor-widget elementor-widget-image\" data-id=\"3d4391b\" data-element_type=\"widget\" data-e-type=\"widget\" data-settings=\"{&quot;_animation&quot;:&quot;fadeIn&quot;}\" data-widget_type=\"image.default\">\n\t\t\t\t<div class=\"elementor-widget-container\">\n\t\t\t\t\t\t\t\t\t\t\t\t\t\t\t<img loading=\"lazy\" decoding=\"async\" width=\"400\" height=\"400\" src=\"https:\/\/kantarella.de\/wp-content\/uploads\/2021\/02\/ferienhaus-schweden.png\" class=\"attachment-large size-large wp-image-430\" alt=\"Semesterhus i Sverige - Log0\" srcset=\"https:\/\/kantarella.de\/wp-content\/uploads\/2021\/02\/ferienhaus-schweden.png 400w, https:\/\/kantarella.de\/wp-content\/uploads\/2021\/02\/ferienhaus-schweden-300x300.png 300w, https:\/\/kantarella.de\/wp-content\/uploads\/2021\/02\/ferienhaus-schweden-150x150.png 150w\" sizes=\"auto, (max-width: 400px) 100vw, 400px\" \/>\t\t\t\t\t\t\t\t\t\t\t\t\t\t\t<\/div>\n\t\t\t\t<\/div>\n\t\t\t\t\t<\/div>\n\t\t<\/div>\n\t\t\t\t<div class=\"elementor-column elementor-col-50 elementor-top-column elementor-element elementor-element-9afab54\" data-id=\"9afab54\" data-element_type=\"column\" data-e-type=\"column\">\n\t\t\t<div class=\"elementor-widget-wrap elementor-element-populated\">\n\t\t\t\t\t\t<div class=\"elementor-element elementor-element-7edfb6f elementor-widget elementor-widget-text-editor\" data-id=\"7edfb6f\" data-element_type=\"widget\" data-e-type=\"widget\" data-widget_type=\"text-editor.default\">\n\t\t\t\t<div class=\"elementor-widget-container\">\n\t\t\t\t\t\t\t\t\t<h2><span style=\"color: #339966;\">Bettina och Werner H\u00f6rnle<\/span><\/h2>\n<blockquote>\n<p>K\u00e4llbyn Gamla Aff\u00e4ren<\/p>\n<p>662 96 Svanskog<\/p>\n<p>Sverige<\/p>\n<p>Telefon Sverige: 0046 &#8211; 76 77 290 44<\/p>\n<p>Telefon Tyskland: 05041 &#8211; 711 9999<\/p>\n<p>E-post: ferienhaus@kantarella.de<\/p>\n<p>Momsregistreringsnummer. SE721202958601<\/p>\n<p>Dataskyddsombud: Werner H\u00f6rnle<\/p>\n<\/blockquote>\t\t\t\t\t\t\t\t<\/div>\n\t\t\t\t<\/div>\n\t\t\t\t\t<\/div>\n\t\t<\/div>\n\t\t\t\t\t<\/div>\n\t\t<\/section>\n\t\t\t\t<section class=\"elementor-section elementor-top-section elementor-element elementor-element-82212f3 elementor-section-boxed elementor-section-height-default elementor-section-height-default\" data-id=\"82212f3\" data-element_type=\"section\" data-e-type=\"section\">\n\t\t\t\t\t\t<div class=\"elementor-container elementor-column-gap-default\">\n\t\t\t\t\t<div class=\"elementor-column elementor-col-100 elementor-top-column elementor-element elementor-element-ca5f615\" data-id=\"ca5f615\" data-element_type=\"column\" data-e-type=\"column\">\n\t\t\t<div class=\"elementor-widget-wrap elementor-element-populated\">\n\t\t\t\t\t\t<div class=\"elementor-element elementor-element-dfff7e3 elementor-widget elementor-widget-text-editor\" data-id=\"dfff7e3\" data-element_type=\"widget\" data-e-type=\"widget\" data-widget_type=\"text-editor.default\">\n\t\t\t\t<div class=\"elementor-widget-container\">\n\t\t\t\t\t\t\t\t\t<h2>\n            <span style=\"color: #339966;\">Adressuppgifter Ferienhaus Kantarella:<\/span><br \/>\n          <\/h2>\n<blockquote>\n<p>Bettina H\u00f6rnle<\/p>\n<p>Rud L\u00e4nsmansg\u00e5rden<\/p>\n<p>66194 S\u00e4ffle<\/p>\n<\/blockquote>\n\t\t\t\t\t\t\t\t<\/div>\n\t\t\t\t<\/div>\n\t\t\t\t\t<\/div>\n\t\t<\/div>\n\t\t\t\t\t<\/div>\n\t\t<\/section>\n\t\t\t\t<section class=\"elementor-section elementor-top-section elementor-element elementor-element-fc0965e elementor-section-boxed elementor-section-height-default elementor-section-height-default\" data-id=\"fc0965e\" data-element_type=\"section\" data-e-type=\"section\">\n\t\t\t\t\t\t<div class=\"elementor-container elementor-column-gap-default\">\n\t\t\t\t\t<div class=\"elementor-column elementor-col-100 elementor-top-column elementor-element elementor-element-1f9bf22\" data-id=\"1f9bf22\" data-element_type=\"column\" data-e-type=\"column\">\n\t\t\t<div class=\"elementor-widget-wrap elementor-element-populated\">\n\t\t\t\t\t\t<div class=\"elementor-element elementor-element-0f0dddd elementor-widget elementor-widget-spacer\" data-id=\"0f0dddd\" data-element_type=\"widget\" data-e-type=\"widget\" data-widget_type=\"spacer.default\">\n\t\t\t\t<div class=\"elementor-widget-container\">\n\t\t\t\t\t\t\t<div class=\"elementor-spacer\">\n\t\t\t<div class=\"elementor-spacer-inner\"><\/div>\n\t\t<\/div>\n\t\t\t\t\t\t<\/div>\n\t\t\t\t<\/div>\n\t\t\t\t\t<\/div>\n\t\t<\/div>\n\t\t\t\t\t<\/div>\n\t\t<\/section>\n\t\t\t\t<\/div>\n\t\t","protected":false},"excerpt":{"rendered":"<p>Kontakt Bettina och Werner H\u00f6rnle K\u00e4llbyn Gamla Aff\u00e4ren 662 96 Svanskog Sverige Telefon Sverige: 0046 &#8211; 76 77 290 44 Telefon Tyskland: 05041 &#8211; 711 9999 E-post: ferienhaus@kantarella.de Momsregistreringsnummer. SE721202958601 Dataskyddsombud: Werner H\u00f6rnle Adressuppgifter Ferienhaus Kantarella: Bettina H\u00f6rnle Rud L\u00e4nsmansg\u00e5rden 66194 S\u00e4ffle<\/p>\n","protected":false},"author":1,"featured_media":0,"parent":11750,"menu_order":0,"comment_status":"closed","ping_status":"closed","template":"elementor_header_footer","meta":{"ocean_post_layout":"","ocean_both_sidebars_style":"","ocean_both_sidebars_content_width":0,"ocean_both_sidebars_sidebars_width":0,"ocean_sidebar":"0","ocean_second_sidebar":"0","ocean_disable_margins":"enable","ocean_add_body_class":"","ocean_shortcode_before_top_bar":"","ocean_shortcode_after_top_bar":"","ocean_shortcode_before_header":"","ocean_shortcode_after_header":"","ocean_has_shortcode":"","ocean_shortcode_after_title":"","ocean_shortcode_before_footer_widgets":"","ocean_shortcode_after_footer_widgets":"","ocean_shortcode_before_footer_bottom":"","ocean_shortcode_after_footer_bottom":"","ocean_display_top_bar":"default","ocean_display_header":"default","ocean_header_style":"","ocean_center_header_left_menu":"0","ocean_custom_header_template":"0","ocean_custom_logo":0,"ocean_custom_retina_logo":0,"ocean_custom_logo_max_width":0,"ocean_custom_logo_tablet_max_width":0,"ocean_custom_logo_mobile_max_width":0,"ocean_custom_logo_max_height":0,"ocean_custom_logo_tablet_max_height":0,"ocean_custom_logo_mobile_max_height":0,"ocean_header_custom_menu":"0","ocean_menu_typo_font_family":"0","ocean_menu_typo_font_subset":"","ocean_menu_typo_font_size":0,"ocean_menu_typo_font_size_tablet":0,"ocean_menu_typo_font_size_mobile":0,"ocean_menu_typo_font_size_unit":"px","ocean_menu_typo_font_weight":"","ocean_menu_typo_font_weight_tablet":"","ocean_menu_typo_font_weight_mobile":"","ocean_menu_typo_transform":"","ocean_menu_typo_transform_tablet":"","ocean_menu_typo_transform_mobile":"","ocean_menu_typo_line_height":0,"ocean_menu_typo_line_height_tablet":0,"ocean_menu_typo_line_height_mobile":0,"ocean_menu_typo_line_height_unit":"","ocean_menu_typo_spacing":0,"ocean_menu_typo_spacing_tablet":0,"ocean_menu_typo_spacing_mobile":0,"ocean_menu_typo_spacing_unit":"","ocean_menu_link_color":"","ocean_menu_link_color_hover":"","ocean_menu_link_color_active":"","ocean_menu_link_background":"","ocean_menu_link_hover_background":"","ocean_menu_link_active_background":"","ocean_menu_social_links_bg":"","ocean_menu_social_hover_links_bg":"","ocean_menu_social_links_color":"","ocean_menu_social_hover_links_color":"","ocean_disable_title":"default","ocean_disable_heading":"default","ocean_post_title":"","ocean_post_subheading":"","ocean_post_title_style":"","ocean_post_title_background_color":"","ocean_post_title_background":0,"ocean_post_title_bg_image_position":"","ocean_post_title_bg_image_attachment":"","ocean_post_title_bg_image_repeat":"","ocean_post_title_bg_image_size":"","ocean_post_title_height":0,"ocean_post_title_bg_overlay":0.5,"ocean_post_title_bg_overlay_color":"","ocean_disable_breadcrumbs":"default","ocean_breadcrumbs_color":"","ocean_breadcrumbs_separator_color":"","ocean_breadcrumbs_links_color":"","ocean_breadcrumbs_links_hover_color":"","ocean_display_footer_widgets":"default","ocean_display_footer_bottom":"default","ocean_custom_footer_template":"0","osh_disable_topbar_sticky":"default","osh_disable_header_sticky":"default","osh_sticky_header_style":"default","osh_sticky_header_effect":"","osh_custom_sticky_logo":0,"osh_custom_retina_sticky_logo":0,"osh_custom_sticky_logo_height":0,"osh_background_color":"","osh_links_color":"","osh_links_hover_color":"","osh_links_active_color":"","osh_links_bg_color":"","osh_links_hover_bg_color":"","osh_links_active_bg_color":"","osh_menu_social_links_color":"","osh_menu_social_hover_links_color":"","footnotes":""},"class_list":["post-11863","page","type-page","status-publish","hentry","entry"],"yoast_head":"<!-- This site is optimized with the Yoast SEO Premium plugin v26.3 (Yoast SEO v27.5) - https:\/\/yoast.com\/product\/yoast-seo-premium-wordpress\/ -->\n<title>Semesterhus i Sverige - Kontakt<\/title>\n<meta name=\"robots\" content=\"index, follow, max-snippet:-1, max-image-preview:large, max-video-preview:-1\" \/>\n<link rel=\"canonical\" href=\"https:\/\/kantarella.de\/sv\/semesterhus-i-sverige\/kontakt\/\" \/>\n<meta property=\"og:locale\" content=\"sv_SE\" \/>\n<meta property=\"og:type\" content=\"article\" \/>\n<meta property=\"og:title\" content=\"Kontakt\" \/>\n<meta property=\"og:description\" content=\"Kontakt Bettina och Werner H\u00f6rnle K\u00e4llbyn Gamla Aff\u00e4ren 662 96 Svanskog Sverige Telefon Sverige: 0046 &#8211; 76 77 290 44 Telefon Tyskland: 05041 &#8211; 711 9999 E-post: ferienhaus@kantarella.de Momsregistreringsnummer. SE721202958601 Dataskyddsombud: Werner H\u00f6rnle Adressuppgifter Ferienhaus Kantarella: Bettina H\u00f6rnle Rud L\u00e4nsmansg\u00e5rden 66194 S\u00e4ffle\" \/>\n<meta property=\"og:url\" content=\"https:\/\/kantarella.de\/sv\/semesterhus-i-sverige\/kontakt\/\" \/>\n<meta property=\"og:site_name\" content=\"Semesterhus i Sverige\" \/>\n<meta property=\"article:publisher\" content=\"https:\/\/www.facebook.com\/ferienhaus.se\/\" \/>\n<meta property=\"article:modified_time\" content=\"2021-06-19T12:50:45+00:00\" \/>\n<meta property=\"og:image\" content=\"https:\/\/kantarella.de\/wp-content\/uploads\/2021\/02\/ferienhaus-schweden.png\" \/>\n<meta name=\"twitter:card\" content=\"summary_large_image\" \/>\n<meta name=\"twitter:label1\" content=\"Ber\u00e4knad l\u00e4stid\" \/>\n\t<meta name=\"twitter:data1\" content=\"1 minut\" \/>\n<script type=\"application\/ld+json\" class=\"yoast-schema-graph\">{\"@context\":\"https:\\\/\\\/schema.org\",\"@graph\":[{\"@type\":\"WebPage\",\"@id\":\"https:\\\/\\\/kantarella.de\\\/sv\\\/semesterhus-i-sverige\\\/kontakt\\\/\",\"url\":\"https:\\\/\\\/kantarella.de\\\/sv\\\/semesterhus-i-sverige\\\/kontakt\\\/\",\"name\":\"Semesterhus i Sverige - Kontakt\",\"isPartOf\":{\"@id\":\"https:\\\/\\\/kantarella.de\\\/sv\\\/#website\"},\"primaryImageOfPage\":{\"@id\":\"https:\\\/\\\/kantarella.de\\\/sv\\\/semesterhus-i-sverige\\\/kontakt\\\/#primaryimage\"},\"image\":{\"@id\":\"https:\\\/\\\/kantarella.de\\\/sv\\\/semesterhus-i-sverige\\\/kontakt\\\/#primaryimage\"},\"thumbnailUrl\":\"https:\\\/\\\/kantarella.de\\\/wp-content\\\/uploads\\\/2021\\\/02\\\/ferienhaus-schweden.png\",\"datePublished\":\"2021-03-04T00:25:00+00:00\",\"dateModified\":\"2021-06-19T12:50:45+00:00\",\"breadcrumb\":{\"@id\":\"https:\\\/\\\/kantarella.de\\\/sv\\\/semesterhus-i-sverige\\\/kontakt\\\/#breadcrumb\"},\"inLanguage\":\"sv-SE\",\"potentialAction\":[{\"@type\":\"ReadAction\",\"target\":[\"https:\\\/\\\/kantarella.de\\\/sv\\\/semesterhus-i-sverige\\\/kontakt\\\/\"]}]},{\"@type\":\"ImageObject\",\"inLanguage\":\"sv-SE\",\"@id\":\"https:\\\/\\\/kantarella.de\\\/sv\\\/semesterhus-i-sverige\\\/kontakt\\\/#primaryimage\",\"url\":\"https:\\\/\\\/kantarella.de\\\/wp-content\\\/uploads\\\/2021\\\/02\\\/ferienhaus-schweden.png\",\"contentUrl\":\"https:\\\/\\\/kantarella.de\\\/wp-content\\\/uploads\\\/2021\\\/02\\\/ferienhaus-schweden.png\"},{\"@type\":\"BreadcrumbList\",\"@id\":\"https:\\\/\\\/kantarella.de\\\/sv\\\/semesterhus-i-sverige\\\/kontakt\\\/#breadcrumb\",\"itemListElement\":[{\"@type\":\"ListItem\",\"position\":1,\"name\":\"Start\",\"item\":\"https:\\\/\\\/kantarella.de\\\/sv\\\/\"},{\"@type\":\"ListItem\",\"position\":2,\"name\":\"Hem\",\"item\":\"https:\\\/\\\/kantarella.de\\\/sv\\\/\"},{\"@type\":\"ListItem\",\"position\":3,\"name\":\"Kontakt\"}]},{\"@type\":\"WebSite\",\"@id\":\"https:\\\/\\\/kantarella.de\\\/sv\\\/#website\",\"url\":\"https:\\\/\\\/kantarella.de\\\/sv\\\/\",\"name\":\"Ferienhaus in Schweden\",\"description\":\"\\nHus vid sj\u00f6n i sverige\",\"publisher\":{\"@id\":\"https:\\\/\\\/kantarella.de\\\/sv\\\/#organization\"},\"potentialAction\":[{\"@type\":\"SearchAction\",\"target\":{\"@type\":\"EntryPoint\",\"urlTemplate\":\"https:\\\/\\\/kantarella.de\\\/sv\\\/?s={search_term_string}\"},\"query-input\":{\"@type\":\"PropertyValueSpecification\",\"valueRequired\":true,\"valueName\":\"search_term_string\"}}],\"inLanguage\":\"sv-SE\"},{\"@type\":\"Organization\",\"@id\":\"https:\\\/\\\/kantarella.de\\\/sv\\\/#organization\",\"name\":\"Kantarella Ferienhaus in Schweden\",\"url\":\"https:\\\/\\\/kantarella.de\\\/sv\\\/\",\"logo\":{\"@type\":\"ImageObject\",\"inLanguage\":\"sv-SE\",\"@id\":\"https:\\\/\\\/kantarella.de\\\/sv\\\/#\\\/schema\\\/logo\\\/image\\\/\",\"url\":\"https:\\\/\\\/kantarella.de\\\/wp-content\\\/uploads\\\/2021\\\/02\\\/ferienhaus-schweden.png\",\"contentUrl\":\"https:\\\/\\\/kantarella.de\\\/wp-content\\\/uploads\\\/2021\\\/02\\\/ferienhaus-schweden.png\",\"width\":400,\"height\":400,\"caption\":\"Kantarella Ferienhaus in Schweden\"},\"image\":{\"@id\":\"https:\\\/\\\/kantarella.de\\\/sv\\\/#\\\/schema\\\/logo\\\/image\\\/\"},\"sameAs\":[\"https:\\\/\\\/www.facebook.com\\\/ferienhaus.se\\\/\"]}]}<\/script>\n<!-- \/ Yoast SEO Premium plugin. -->","yoast_head_json":{"title":"Semesterhus i Sverige - Kontakt","robots":{"index":"index","follow":"follow","max-snippet":"max-snippet:-1","max-image-preview":"max-image-preview:large","max-video-preview":"max-video-preview:-1"},"canonical":"https:\/\/kantarella.de\/sv\/semesterhus-i-sverige\/kontakt\/","og_locale":"sv_SE","og_type":"article","og_title":"Kontakt","og_description":"Kontakt Bettina och Werner H\u00f6rnle K\u00e4llbyn Gamla Aff\u00e4ren 662 96 Svanskog Sverige Telefon Sverige: 0046 &#8211; 76 77 290 44 Telefon Tyskland: 05041 &#8211; 711 9999 E-post: ferienhaus@kantarella.de Momsregistreringsnummer. SE721202958601 Dataskyddsombud: Werner H\u00f6rnle Adressuppgifter Ferienhaus Kantarella: Bettina H\u00f6rnle Rud L\u00e4nsmansg\u00e5rden 66194 S\u00e4ffle","og_url":"https:\/\/kantarella.de\/sv\/semesterhus-i-sverige\/kontakt\/","og_site_name":"Semesterhus i Sverige","article_publisher":"https:\/\/www.facebook.com\/ferienhaus.se\/","article_modified_time":"2021-06-19T12:50:45+00:00","og_image":[{"url":"https:\/\/kantarella.de\/wp-content\/uploads\/2021\/02\/ferienhaus-schweden.png","type":"","width":"","height":""}],"twitter_card":"summary_large_image","twitter_misc":{"Ber\u00e4knad l\u00e4stid":"1 minut"},"schema":{"@context":"https:\/\/schema.org","@graph":[{"@type":"WebPage","@id":"https:\/\/kantarella.de\/sv\/semesterhus-i-sverige\/kontakt\/","url":"https:\/\/kantarella.de\/sv\/semesterhus-i-sverige\/kontakt\/","name":"Semesterhus i Sverige - Kontakt","isPartOf":{"@id":"https:\/\/kantarella.de\/sv\/#website"},"primaryImageOfPage":{"@id":"https:\/\/kantarella.de\/sv\/semesterhus-i-sverige\/kontakt\/#primaryimage"},"image":{"@id":"https:\/\/kantarella.de\/sv\/semesterhus-i-sverige\/kontakt\/#primaryimage"},"thumbnailUrl":"https:\/\/kantarella.de\/wp-content\/uploads\/2021\/02\/ferienhaus-schweden.png","datePublished":"2021-03-04T00:25:00+00:00","dateModified":"2021-06-19T12:50:45+00:00","breadcrumb":{"@id":"https:\/\/kantarella.de\/sv\/semesterhus-i-sverige\/kontakt\/#breadcrumb"},"inLanguage":"sv-SE","potentialAction":[{"@type":"ReadAction","target":["https:\/\/kantarella.de\/sv\/semesterhus-i-sverige\/kontakt\/"]}]},{"@type":"ImageObject","inLanguage":"sv-SE","@id":"https:\/\/kantarella.de\/sv\/semesterhus-i-sverige\/kontakt\/#primaryimage","url":"https:\/\/kantarella.de\/wp-content\/uploads\/2021\/02\/ferienhaus-schweden.png","contentUrl":"https:\/\/kantarella.de\/wp-content\/uploads\/2021\/02\/ferienhaus-schweden.png"},{"@type":"BreadcrumbList","@id":"https:\/\/kantarella.de\/sv\/semesterhus-i-sverige\/kontakt\/#breadcrumb","itemListElement":[{"@type":"ListItem","position":1,"name":"Start","item":"https:\/\/kantarella.de\/sv\/"},{"@type":"ListItem","position":2,"name":"Hem","item":"https:\/\/kantarella.de\/sv\/"},{"@type":"ListItem","position":3,"name":"Kontakt"}]},{"@type":"WebSite","@id":"https:\/\/kantarella.de\/sv\/#website","url":"https:\/\/kantarella.de\/sv\/","name":"Ferienhaus in Schweden","description":"\nHus vid sj\u00f6n i sverige","publisher":{"@id":"https:\/\/kantarella.de\/sv\/#organization"},"potentialAction":[{"@type":"SearchAction","target":{"@type":"EntryPoint","urlTemplate":"https:\/\/kantarella.de\/sv\/?s={search_term_string}"},"query-input":{"@type":"PropertyValueSpecification","valueRequired":true,"valueName":"search_term_string"}}],"inLanguage":"sv-SE"},{"@type":"Organization","@id":"https:\/\/kantarella.de\/sv\/#organization","name":"Kantarella Ferienhaus in Schweden","url":"https:\/\/kantarella.de\/sv\/","logo":{"@type":"ImageObject","inLanguage":"sv-SE","@id":"https:\/\/kantarella.de\/sv\/#\/schema\/logo\/image\/","url":"https:\/\/kantarella.de\/wp-content\/uploads\/2021\/02\/ferienhaus-schweden.png","contentUrl":"https:\/\/kantarella.de\/wp-content\/uploads\/2021\/02\/ferienhaus-schweden.png","width":400,"height":400,"caption":"Kantarella Ferienhaus in Schweden"},"image":{"@id":"https:\/\/kantarella.de\/sv\/#\/schema\/logo\/image\/"},"sameAs":["https:\/\/www.facebook.com\/ferienhaus.se\/"]}]}},"_links":{"self":[{"href":"https:\/\/kantarella.de\/sv\/wp-json\/wp\/v2\/pages\/11863","targetHints":{"allow":["GET"]}}],"collection":[{"href":"https:\/\/kantarella.de\/sv\/wp-json\/wp\/v2\/pages"}],"about":[{"href":"https:\/\/kantarella.de\/sv\/wp-json\/wp\/v2\/types\/page"}],"author":[{"embeddable":true,"href":"https:\/\/kantarella.de\/sv\/wp-json\/wp\/v2\/users\/1"}],"replies":[{"embeddable":true,"href":"https:\/\/kantarella.de\/sv\/wp-json\/wp\/v2\/comments?post=11863"}],"version-history":[{"count":0,"href":"https:\/\/kantarella.de\/sv\/wp-json\/wp\/v2\/pages\/11863\/revisions"}],"up":[{"embeddable":true,"href":"https:\/\/kantarella.de\/sv\/wp-json\/wp\/v2\/pages\/11750"}],"wp:attachment":[{"href":"https:\/\/kantarella.de\/sv\/wp-json\/wp\/v2\/media?parent=11863"}],"curies":[{"name":"wp","href":"https:\/\/api.w.org\/{rel}","templated":true}]}}